{"id":2327,"date":"2025-05-29T11:24:09","date_gmt":"2025-05-29T11:24:09","guid":{"rendered":"https:\/\/insparya.store\/?post_type=product&#038;p=2327"},"modified":"2026-05-06T17:40:51","modified_gmt":"2026-05-06T17:40:51","slug":"champo-no-grease","status":"publish","type":"product","link":"https:\/\/insparya.store\/es\/product\/champo-no-grease\/","title":{"rendered":"Champ\u00fa No Grease"},"content":{"rendered":"<p>Champ\u00fa especial con propiedades antiseborreicas y anti-grasa, formulado con aceite esencial de \u00e1rbol de t\u00e9, agentes refrescantes y algas marinas. El uso regular ayuda a eliminar el exceso de sebo, favoreciendo una mejor oxigenaci\u00f3n del cuero cabelludo y del pelo.<\/p>","protected":false},"excerpt":{"rendered":"<p class=\"p1\">Champ\u00fa especial con propiedades antiseborreicas y anti-grasa, formulado con aceite esencial de \u00e1rbol de t\u00e9, agentes refrescantes y algas marinas. El uso regular ayuda a eliminar el exceso de sebo, favoreciendo una mejor oxigenaci\u00f3n del cuero cabelludo y del pelo.<\/p>","protected":false},"featured_media":2328,"template":"","meta":{"_acf_changed":false},"product_brand":[],"product_cat":[108],"product_tag":[],"class_list":{"0":"post-2327","1":"product","2":"type-product","3":"status-publish","4":"has-post-thumbnail","6":"product_cat-higiene_e_cuidado","8":"first","9":"instock","10":"taxable","11":"shipping-taxable","12":"purchasable","13":"product-type-simple"},"acf":[],"_links":{"self":[{"href":"https:\/\/insparya.store\/es\/wp-json\/wp\/v2\/product\/2327","targetHints":{"allow":["GET"]}}],"collection":[{"href":"https:\/\/insparya.store\/es\/wp-json\/wp\/v2\/product"}],"about":[{"href":"https:\/\/insparya.store\/es\/wp-json\/wp\/v2\/types\/product"}],"wp:featuredmedia":[{"embeddable":true,"href":"https:\/\/insparya.store\/es\/wp-json\/wp\/v2\/media\/2328"}],"wp:attachment":[{"href":"https:\/\/insparya.store\/es\/wp-json\/wp\/v2\/media?parent=2327"}],"wp:term":[{"taxonomy":"product_brand","embeddable":true,"href":"https:\/\/insparya.store\/es\/wp-json\/wp\/v2\/product_brand?post=2327"},{"taxonomy":"product_cat","embeddable":true,"href":"https:\/\/insparya.store\/es\/wp-json\/wp\/v2\/product_cat?post=2327"},{"taxonomy":"product_tag","embeddable":true,"href":"https:\/\/insparya.store\/es\/wp-json\/wp\/v2\/product_tag?post=2327"}],"curies":[{"name":"wp","href":"https:\/\/api.w.org\/{rel}","templated":true}]}}