{"id":29503,"date":"2025-12-30T17:25:24","date_gmt":"2025-12-30T17:25:24","guid":{"rendered":"https:\/\/insparya.store\/?post_type=product&#038;p=29503"},"modified":"2026-05-14T15:40:47","modified_gmt":"2026-05-14T15:40:47","slug":"no-loss-serum","status":"publish","type":"product","link":"https:\/\/insparya.store\/it\/product\/no-loss-serum\/","title":{"rendered":"N0 Loss Serum"},"content":{"rendered":"<p><span data-contrast=\"auto\">Siero intensivo anticaduta ad azione combinata<\/span><span data-ccp-props=\"{}\">\u00a0<\/span><\/p>\n<p><span data-contrast=\"auto\">Il N0 Loss Serum \u00e8 un siero per capelli ad uso quotidiano che aiuta a prevenire la caduta, stimola la crescita e rafforza i capelli fin dalla radice. La sua formula combina vitamine, minerali, aminoacidi, estratti vegetali e peptidi bioattivi, agendo direttamente sul cuoio capelluto e sulla radice per capelli pi\u00f9 forti e sani.<\/span><span data-ccp-props=\"{}\">\u00a0<\/span><\/p>","protected":false},"excerpt":{"rendered":"<p><span class=\"TextRun SCXW248122014 BCX0\" lang=\"PT-PT\" xml:lang=\"PT-PT\" data-contrast=\"auto\"><span class=\"NormalTextRun SCXW248122014 BCX0\">O NO\u00a0<\/span><span class=\"NormalTextRun SpellingErrorV2Themed SCXW248122014 BCX0\">Loss<\/span><span class=\"NormalTextRun SCXW248122014 BCX0\">\u00a0<\/span><span class=\"NormalTextRun SpellingErrorV2Themed SCXW248122014 BCX0\">Serum<\/span><span class=\"NormalTextRun SCXW248122014 BCX0\">\u00a0\u00e9 um s\u00e9rum capilar de uso di\u00e1rio que ajuda a prevenir a queda, estimula o crescimento e fortalece o cabelo desde a raiz. A sua f\u00f3rmula combina vitaminas, minerais, amino\u00e1cidos, extratos vegetais e pept\u00eddeos bioativos, atuando diretamente no couro cabeludo e na raiz capilar para um cabelo mais forte e saud\u00e1vel.<\/span><\/span><span class=\"EOP SCXW248122014 BCX0\" data-ccp-props=\"{}\">\u00a0<\/span><\/p>","protected":false},"featured_media":29505,"template":"","meta":{"_acf_changed":false},"product_brand":[],"product_cat":[143],"product_tag":[],"class_list":{"0":"post-29503","1":"product","2":"type-product","3":"status-publish","4":"has-post-thumbnail","6":"product_cat-prevencao_da_queda","8":"first","9":"instock","10":"taxable","11":"shipping-taxable","12":"purchasable","13":"product-type-simple"},"acf":[],"_links":{"self":[{"href":"https:\/\/insparya.store\/it\/wp-json\/wp\/v2\/product\/29503","targetHints":{"allow":["GET"]}}],"collection":[{"href":"https:\/\/insparya.store\/it\/wp-json\/wp\/v2\/product"}],"about":[{"href":"https:\/\/insparya.store\/it\/wp-json\/wp\/v2\/types\/product"}],"wp:featuredmedia":[{"embeddable":true,"href":"https:\/\/insparya.store\/it\/wp-json\/wp\/v2\/media\/29505"}],"wp:attachment":[{"href":"https:\/\/insparya.store\/it\/wp-json\/wp\/v2\/media?parent=29503"}],"wp:term":[{"taxonomy":"product_brand","embeddable":true,"href":"https:\/\/insparya.store\/it\/wp-json\/wp\/v2\/product_brand?post=29503"},{"taxonomy":"product_cat","embeddable":true,"href":"https:\/\/insparya.store\/it\/wp-json\/wp\/v2\/product_cat?post=29503"},{"taxonomy":"product_tag","embeddable":true,"href":"https:\/\/insparya.store\/it\/wp-json\/wp\/v2\/product_tag?post=29503"}],"curies":[{"name":"wp","href":"https:\/\/api.w.org\/{rel}","templated":true}]}}